{"id":2342,"date":"2023-09-09T22:53:36","date_gmt":"2023-09-09T20:53:36","guid":{"rendered":"https:\/\/giriczvera.hu\/?page_id=2342"},"modified":"2023-12-03T21:56:00","modified_gmt":"2023-12-03T20:56:00","slug":"fooldal","status":"publish","type":"page","link":"https:\/\/giriczvera.hu\/ru\/","title":{"rendered":"F\u0151oldal"},"content":{"rendered":"<div data-elementor-type=\"wp-page\" data-elementor-id=\"2342\" class=\"elementor elementor-2342\" data-elementor-post-type=\"page\">\n\t\t\t\t\t\t<section class=\"elementor-section elementor-top-section elementor-element elementor-element-d6484ea elementor-section-boxed elementor-section-height-default elementor-section-height-default\" data-id=\"d6484ea\" data-element_type=\"section\" data-settings=\"{&quot;background_background&quot;:&quot;classic&quot;}\">\n\t\t\t\t\t\t<div class=\"elementor-container elementor-column-gap-default\">\n\t\t\t\t\t<div class=\"elementor-column elementor-col-66 elementor-top-column elementor-element elementor-element-ed66e40\" data-id=\"ed66e40\" data-element_type=\"column\">\n\t\t\t<div class=\"elementor-widget-wrap elementor-element-populated\">\n\t\t\t\t\t\t<div class=\"elementor-element elementor-element-1060ace animated-slow elementor-invisible elementor-widget elementor-widget-heading\" data-id=\"1060ace\" data-element_type=\"widget\" data-settings=\"{&quot;_animation&quot;:&quot;fadeInLeft&quot;}\" data-widget_type=\"heading.default\">\n\t\t\t\t<div class=\"elementor-widget-container\">\n\t\t\t\t\t<h2 class=\"elementor-heading-title elementor-size-default\">,,\u042f \u0420\u0443\u0441\u0438\u043d \u0431\u044b\u043b, \u0454\u0441\u044c\u043c\u044c \u0438 \u0431\u0443\u0434\u0443,\n\u042f \u0440\u043e\u0434\u0438\u043b\u0441\u044f \u0420\u0443\u0441\u0438\u043d\u043e\u043c\"<\/h2>\t\t\t\t<\/div>\n\t\t\t\t<\/div>\n\t\t\t\t\t<\/div>\n\t\t<\/div>\n\t\t\t\t<div class=\"elementor-column elementor-col-33 elementor-top-column elementor-element elementor-element-1f269ad\" data-id=\"1f269ad\" data-element_type=\"column\">\n\t\t\t<div class=\"elementor-widget-wrap elementor-element-populated\">\n\t\t\t\t\t\t<div class=\"elementor-element elementor-element-7bc6e51 animated-slow elementor-invisible elementor-widget elementor-widget-image\" data-id=\"7bc6e51\" data-element_type=\"widget\" data-settings=\"{&quot;_animation&quot;:&quot;fadeIn&quot;,&quot;_animation_delay&quot;:500}\" data-widget_type=\"image.default\">\n\t\t\t\t<div class=\"elementor-widget-container\">\n\t\t\t\t\t\t\t\t\t\t\t\t<figure class=\"wp-caption\">\n\t\t\t\t\t\t\t\t\t\t\t<a href=\"https:\/\/giriczvera.hu\/ru\/kep\/\" target=\"_blank\">\n\t\t\t\t\t\t\t<img fetchpriority=\"high\" decoding=\"async\" width=\"800\" height=\"1032\" src=\"https:\/\/giriczvera.hu\/wp-content\/uploads\/2023\/10\/Fruci-A-gerenyi-Rotonda.jpg\" class=\"attachment-full size-full wp-image-2989\" alt=\"\" srcset=\"https:\/\/giriczvera.hu\/wp-content\/uploads\/2023\/10\/Fruci-A-gerenyi-Rotonda.jpg 800w, https:\/\/giriczvera.hu\/wp-content\/uploads\/2023\/10\/Fruci-A-gerenyi-Rotonda-233x300.jpg 233w, https:\/\/giriczvera.hu\/wp-content\/uploads\/2023\/10\/Fruci-A-gerenyi-Rotonda-794x1024.jpg 794w, https:\/\/giriczvera.hu\/wp-content\/uploads\/2023\/10\/Fruci-A-gerenyi-Rotonda-768x991.jpg 768w, https:\/\/giriczvera.hu\/wp-content\/uploads\/2023\/10\/Fruci-A-gerenyi-Rotonda-9x12.jpg 9w\" sizes=\"(max-width: 800px) 100vw, 800px\" \/>\t\t\t\t\t\t\t\t<\/a>\n\t\t\t\t\t\t\t\t\t\t\t<figcaption class=\"widget-image-caption wp-caption-text\">\u00a9 Fedinecz Atan\u00e1z <\/figcaption>\n\t\t\t\t\t\t\t\t\t\t<\/figure>\n\t\t\t\t\t\t\t\t\t<\/div>\n\t\t\t\t<\/div>\n\t\t\t\t\t<\/div>\n\t\t<\/div>\n\t\t\t\t\t<\/div>\n\t\t<\/section>\n\t\t\t\t<section class=\"elementor-section elementor-top-section elementor-element elementor-element-28fe2d7 elementor-section-boxed elementor-section-height-default elementor-section-height-default\" data-id=\"28fe2d7\" data-element_type=\"section\">\n\t\t\t\t\t\t<div class=\"elementor-container elementor-column-gap-default\">\n\t\t\t\t\t<div class=\"elementor-column elementor-col-100 elementor-top-column elementor-element elementor-element-e112663\" data-id=\"e112663\" data-element_type=\"column\">\n\t\t\t<div class=\"elementor-widget-wrap elementor-element-populated\">\n\t\t\t\t\t\t<div class=\"elementor-element elementor-element-6b0a446 elementor-widget-divider--view-line elementor-widget elementor-widget-divider\" data-id=\"6b0a446\" data-element_type=\"widget\" data-widget_type=\"divider.default\">\n\t\t\t\t<div class=\"elementor-widget-container\">\n\t\t\t\t\t\t\t<div class=\"elementor-divider\">\n\t\t\t<span class=\"elementor-divider-separator\">\n\t\t\t\t\t\t<\/span>\n\t\t<\/div>\n\t\t\t\t\t\t<\/div>\n\t\t\t\t<\/div>\n\t\t\t\t\t<\/div>\n\t\t<\/div>\n\t\t\t\t\t<\/div>\n\t\t<\/section>\n\t\t\t\t<section class=\"elementor-section elementor-top-section elementor-element elementor-element-7291e9e elementor-section-boxed elementor-section-height-default elementor-section-height-default\" data-id=\"7291e9e\" data-element_type=\"section\" data-settings=\"{&quot;background_background&quot;:&quot;classic&quot;}\">\n\t\t\t\t\t\t<div class=\"elementor-container elementor-column-gap-default\">\n\t\t\t\t\t<div class=\"elementor-column elementor-col-33 elementor-top-column elementor-element elementor-element-a19b30b\" data-id=\"a19b30b\" data-element_type=\"column\">\n\t\t\t<div class=\"elementor-widget-wrap elementor-element-populated\">\n\t\t\t\t\t\t<div class=\"elementor-element elementor-element-f0aeef4 elementor-widget elementor-widget-image\" data-id=\"f0aeef4\" data-element_type=\"widget\" data-widget_type=\"image.default\">\n\t\t\t\t<div class=\"elementor-widget-container\">\n\t\t\t\t\t\t\t\t\t\t\t\t<figure class=\"wp-caption\">\n\t\t\t\t\t\t\t\t\t\t\t<a href=\"https:\/\/www.parlament.hu\/\">\n\t\t\t\t\t\t\t<img decoding=\"async\" width=\"150\" height=\"150\" src=\"https:\/\/giriczvera.hu\/wp-content\/uploads\/2023\/09\/orszaghaz-logo-150x150.png\" class=\"attachment-thumbnail size-thumbnail wp-image-2384\" alt=\"\" \/>\t\t\t\t\t\t\t\t<\/a>\n\t\t\t\t\t\t\t\t\t\t\t<figcaption class=\"widget-image-caption wp-caption-text\">parlament.hu<\/figcaption>\n\t\t\t\t\t\t\t\t\t\t<\/figure>\n\t\t\t\t\t\t\t\t\t<\/div>\n\t\t\t\t<\/div>\n\t\t\t\t\t<\/div>\n\t\t<\/div>\n\t\t\t\t<div class=\"elementor-column elementor-col-33 elementor-top-column elementor-element elementor-element-fa245c9\" data-id=\"fa245c9\" data-element_type=\"column\">\n\t\t\t<div class=\"elementor-widget-wrap elementor-element-populated\">\n\t\t\t\t\t\t<div class=\"elementor-element elementor-element-4971c72 elementor-widget elementor-widget-image\" data-id=\"4971c72\" data-element_type=\"widget\" data-widget_type=\"image.default\">\n\t\t\t\t<div class=\"elementor-widget-container\">\n\t\t\t\t\t\t\t\t\t\t\t\t<figure class=\"wp-caption\">\n\t\t\t\t\t\t\t\t\t\t\t<a href=\"http:\/\/ruszin.com\/\">\n\t\t\t\t\t\t\t<img decoding=\"async\" width=\"150\" height=\"150\" src=\"https:\/\/giriczvera.hu\/wp-content\/uploads\/2023\/09\/ruszin-zaszlo2-150x150.png\" class=\"attachment-thumbnail size-thumbnail wp-image-2385\" alt=\"\" \/>\t\t\t\t\t\t\t\t<\/a>\n\t\t\t\t\t\t\t\t\t\t\t<figcaption class=\"widget-image-caption wp-caption-text\">ruszin.com<\/figcaption>\n\t\t\t\t\t\t\t\t\t\t<\/figure>\n\t\t\t\t\t\t\t\t\t<\/div>\n\t\t\t\t<\/div>\n\t\t\t\t\t<\/div>\n\t\t<\/div>\n\t\t\t\t<div class=\"elementor-column elementor-col-33 elementor-top-column elementor-element elementor-element-87ce733\" data-id=\"87ce733\" data-element_type=\"column\">\n\t\t\t<div class=\"elementor-widget-wrap elementor-element-populated\">\n\t\t\t\t\t\t<div class=\"elementor-element elementor-element-64aa519 elementor-widget elementor-widget-image\" data-id=\"64aa519\" data-element_type=\"widget\" data-widget_type=\"image.default\">\n\t\t\t\t<div class=\"elementor-widget-container\">\n\t\t\t\t\t\t\t\t\t\t\t\t<figure class=\"wp-caption\">\n\t\t\t\t\t\t\t\t\t\t\t<a href=\"https:\/\/atanazgaleria.hu\/\">\n\t\t\t\t\t\t\t<img loading=\"lazy\" decoding=\"async\" width=\"150\" height=\"150\" src=\"https:\/\/giriczvera.hu\/wp-content\/uploads\/2023\/09\/fucci-150x150.png\" class=\"attachment-thumbnail size-thumbnail wp-image-2386\" alt=\"\" \/>\t\t\t\t\t\t\t\t<\/a>\n\t\t\t\t\t\t\t\t\t\t\t<figcaption class=\"widget-image-caption wp-caption-text\">Atan\u00e1z gal\u00e9ria<\/figcaption>\n\t\t\t\t\t\t\t\t\t\t<\/figure>\n\t\t\t\t\t\t\t\t\t<\/div>\n\t\t\t\t<\/div>\n\t\t\t\t\t<\/div>\n\t\t<\/div>\n\t\t\t\t\t<\/div>\n\t\t<\/section>\n\t\t\t\t<\/div>","protected":false},"excerpt":{"rendered":"<p>,,Ruszin vagyok, voltam \u00e9s leszek, ruszinnak sz\u00fclettem&#8221; \u00a9 Fedinecz Atan\u00e1z parlament.hu ruszin.com Atan\u00e1z gal\u00e9ria<\/p>","protected":false},"author":1,"featured_media":2989,"parent":0,"menu_order":0,"comment_status":"closed","ping_status":"closed","template":"","meta":{"footnotes":""},"class_list":["post-2342","page","type-page","status-publish","has-post-thumbnail","hentry"],"yoast_head":"<!-- This site is optimized with the Yoast SEO plugin v25.8 - https:\/\/yoast.com\/wordpress\/plugins\/seo\/ -->\n<title>Giricz Vera<\/title>\n<meta name=\"description\" content=\"Orsz\u00e1ggy\u0171l\u00e9s Magyarorsz\u00e1gi nemzetis\u00e9gek bizotts\u00e1ga \u00e9s a Magyarorsz\u00e1gi nemzetis\u00e9gek bizotts\u00e1ga K\u00f6znevel\u00e9si, Kultur\u00e1lis Albizotts\u00e1g\u00e1nak tagja\" \/>\n<meta name=\"robots\" content=\"index, follow, max-snippet:-1, max-image-preview:large, max-video-preview:-1\" \/>\n<link rel=\"canonical\" href=\"https:\/\/giriczvera.hu\/ru\/\" \/>\n<meta property=\"og:locale\" content=\"ru_RU\" \/>\n<meta property=\"og:type\" content=\"article\" \/>\n<meta property=\"og:title\" content=\"Giricz Vera\" \/>\n<meta property=\"og:description\" content=\"Orsz\u00e1ggy\u0171l\u00e9s Magyarorsz\u00e1gi nemzetis\u00e9gek bizotts\u00e1ga \u00e9s a Magyarorsz\u00e1gi nemzetis\u00e9gek bizotts\u00e1ga K\u00f6znevel\u00e9si, Kultur\u00e1lis Albizotts\u00e1g\u00e1nak tagja\" \/>\n<meta property=\"og:url\" content=\"https:\/\/giriczvera.hu\/ru\/\" \/>\n<meta property=\"og:site_name\" content=\"GIRICZ VERA\" \/>\n<meta property=\"article:modified_time\" content=\"2023-12-03T20:56:00+00:00\" \/>\n<meta property=\"og:image\" content=\"https:\/\/giriczvera.hu\/wp-content\/uploads\/2023\/10\/Fruci-A-gerenyi-Rotonda.jpg\" \/>\n\t<meta property=\"og:image:width\" content=\"800\" \/>\n\t<meta property=\"og:image:height\" content=\"1032\" \/>\n\t<meta property=\"og:image:type\" content=\"image\/jpeg\" \/>\n<meta name=\"twitter:card\" content=\"summary_large_image\" \/>\n<meta name=\"twitter:label1\" content=\"\u041f\u0440\u0438\u043c\u0435\u0440\u043d\u043e\u0435 \u0432\u0440\u0435\u043c\u044f \u0434\u043b\u044f \u0447\u0442\u0435\u043d\u0438\u044f\" \/>\n\t<meta name=\"twitter:data1\" content=\"1 \u043c\u0438\u043d\u0443\u0442\u0430\" \/>\n<script type=\"application\/ld+json\" class=\"yoast-schema-graph\">{\"@context\":\"https:\/\/schema.org\",\"@graph\":[{\"@type\":\"WebPage\",\"@id\":\"https:\/\/giriczvera.hu\/\",\"url\":\"https:\/\/giriczvera.hu\/\",\"name\":\"Giricz Vera\",\"isPartOf\":{\"@id\":\"https:\/\/giriczvera.hu\/#website\"},\"primaryImageOfPage\":{\"@id\":\"https:\/\/giriczvera.hu\/#primaryimage\"},\"image\":{\"@id\":\"https:\/\/giriczvera.hu\/#primaryimage\"},\"thumbnailUrl\":\"https:\/\/giriczvera.hu\/wp-content\/uploads\/2023\/10\/Fruci-A-gerenyi-Rotonda.jpg\",\"datePublished\":\"2023-09-09T20:53:36+00:00\",\"dateModified\":\"2023-12-03T20:56:00+00:00\",\"description\":\"Orsz\u00e1ggy\u0171l\u00e9s Magyarorsz\u00e1gi nemzetis\u00e9gek bizotts\u00e1ga \u00e9s a Magyarorsz\u00e1gi nemzetis\u00e9gek bizotts\u00e1ga K\u00f6znevel\u00e9si, Kultur\u00e1lis Albizotts\u00e1g\u00e1nak tagja\",\"breadcrumb\":{\"@id\":\"https:\/\/giriczvera.hu\/#breadcrumb\"},\"inLanguage\":\"ru-RU\",\"potentialAction\":[{\"@type\":\"ReadAction\",\"target\":[\"https:\/\/giriczvera.hu\/\"]}]},{\"@type\":\"ImageObject\",\"inLanguage\":\"ru-RU\",\"@id\":\"https:\/\/giriczvera.hu\/#primaryimage\",\"url\":\"https:\/\/giriczvera.hu\/wp-content\/uploads\/2023\/10\/Fruci-A-gerenyi-Rotonda.jpg\",\"contentUrl\":\"https:\/\/giriczvera.hu\/wp-content\/uploads\/2023\/10\/Fruci-A-gerenyi-Rotonda.jpg\",\"width\":800,\"height\":1032},{\"@type\":\"BreadcrumbList\",\"@id\":\"https:\/\/giriczvera.hu\/#breadcrumb\",\"itemListElement\":[{\"@type\":\"ListItem\",\"position\":1,\"name\":\"Kezd\u0151lap\",\"item\":\"https:\/\/giriczvera.hu\/\"},{\"@type\":\"ListItem\",\"position\":2,\"name\":\"F\u0151oldal\"}]},{\"@type\":\"WebSite\",\"@id\":\"https:\/\/giriczvera.hu\/#website\",\"url\":\"https:\/\/giriczvera.hu\/\",\"name\":\"GIRICZ VERA\",\"description\":\"ruszin nemzetis\u00e9gi sz\u00f3sz\u00f3l\u00f3\",\"potentialAction\":[{\"@type\":\"SearchAction\",\"target\":{\"@type\":\"EntryPoint\",\"urlTemplate\":\"https:\/\/giriczvera.hu\/?s={search_term_string}\"},\"query-input\":{\"@type\":\"PropertyValueSpecification\",\"valueRequired\":true,\"valueName\":\"search_term_string\"}}],\"inLanguage\":\"ru-RU\"}]}<\/script>\n<!-- \/ Yoast SEO plugin. -->","yoast_head_json":{"title":"\u0412\u0456\u0440\u0430 \u0490\u0456\u0440\u0456\u0446","description":"Orsz\u00e1ggy\u0171l\u00e9s Magyarorsz\u00e1gi nemzetis\u00e9gek bizotts\u00e1ga \u00e9s a Magyarorsz\u00e1gi nemzetis\u00e9gek bizotts\u00e1ga K\u00f6znevel\u00e9si, Kultur\u00e1lis Albizotts\u00e1g\u00e1nak tagja","robots":{"index":"index","follow":"follow","max-snippet":"max-snippet:-1","max-image-preview":"max-image-preview:large","max-video-preview":"max-video-preview:-1"},"canonical":"https:\/\/giriczvera.hu\/ru\/","og_locale":"ru_RU","og_type":"article","og_title":"Giricz Vera","og_description":"Orsz\u00e1ggy\u0171l\u00e9s Magyarorsz\u00e1gi nemzetis\u00e9gek bizotts\u00e1ga \u00e9s a Magyarorsz\u00e1gi nemzetis\u00e9gek bizotts\u00e1ga K\u00f6znevel\u00e9si, Kultur\u00e1lis Albizotts\u00e1g\u00e1nak tagja","og_url":"https:\/\/giriczvera.hu\/ru\/","og_site_name":"GIRICZ VERA","article_modified_time":"2023-12-03T20:56:00+00:00","og_image":[{"width":800,"height":1032,"url":"https:\/\/giriczvera.hu\/wp-content\/uploads\/2023\/10\/Fruci-A-gerenyi-Rotonda.jpg","type":"image\/jpeg"}],"twitter_card":"summary_large_image","twitter_misc":{"\u041f\u0440\u0438\u043c\u0435\u0440\u043d\u043e\u0435 \u0432\u0440\u0435\u043c\u044f \u0434\u043b\u044f \u0447\u0442\u0435\u043d\u0438\u044f":"1 \u043c\u0438\u043d\u0443\u0442\u0430"},"schema":{"@context":"https:\/\/schema.org","@graph":[{"@type":"WebPage","@id":"https:\/\/giriczvera.hu\/","url":"https:\/\/giriczvera.hu\/","name":"\u0412\u0456\u0440\u0430 \u0490\u0456\u0440\u0456\u0446","isPartOf":{"@id":"https:\/\/giriczvera.hu\/#website"},"primaryImageOfPage":{"@id":"https:\/\/giriczvera.hu\/#primaryimage"},"image":{"@id":"https:\/\/giriczvera.hu\/#primaryimage"},"thumbnailUrl":"https:\/\/giriczvera.hu\/wp-content\/uploads\/2023\/10\/Fruci-A-gerenyi-Rotonda.jpg","datePublished":"2023-09-09T20:53:36+00:00","dateModified":"2023-12-03T20:56:00+00:00","description":"Orsz\u00e1ggy\u0171l\u00e9s Magyarorsz\u00e1gi nemzetis\u00e9gek bizotts\u00e1ga \u00e9s a Magyarorsz\u00e1gi nemzetis\u00e9gek bizotts\u00e1ga K\u00f6znevel\u00e9si, Kultur\u00e1lis Albizotts\u00e1g\u00e1nak tagja","breadcrumb":{"@id":"https:\/\/giriczvera.hu\/#breadcrumb"},"inLanguage":"ru-RU","potentialAction":[{"@type":"ReadAction","target":["https:\/\/giriczvera.hu\/"]}]},{"@type":"ImageObject","inLanguage":"ru-RU","@id":"https:\/\/giriczvera.hu\/#primaryimage","url":"https:\/\/giriczvera.hu\/wp-content\/uploads\/2023\/10\/Fruci-A-gerenyi-Rotonda.jpg","contentUrl":"https:\/\/giriczvera.hu\/wp-content\/uploads\/2023\/10\/Fruci-A-gerenyi-Rotonda.jpg","width":800,"height":1032},{"@type":"BreadcrumbList","@id":"https:\/\/giriczvera.hu\/#breadcrumb","itemListElement":[{"@type":"ListItem","position":1,"name":"Kezd\u0151lap","item":"https:\/\/giriczvera.hu\/"},{"@type":"ListItem","position":2,"name":"F\u0151oldal"}]},{"@type":"WebSite","@id":"https:\/\/giriczvera.hu\/#website","url":"https:\/\/giriczvera.hu\/","name":"\u0412\u0406\u0420\u0410 \u0490\u0406\u0420\u0406\u0426","description":"\u043f\u043e\u0441\u043b\u0430\u043d\u0438\u043a \u0420\u0443\u0441\u0438\u043d\u0443\u0432 \u0443 \u041f\u0430\u0440\u043b\u0430\u043c\u0435\u043d\u0442\u0457","potentialAction":[{"@type":"SearchAction","target":{"@type":"EntryPoint","urlTemplate":"https:\/\/giriczvera.hu\/?s={search_term_string}"},"query-input":{"@type":"PropertyValueSpecification","valueRequired":true,"valueName":"search_term_string"}}],"inLanguage":"ru-RU"}]}},"_links":{"self":[{"href":"https:\/\/giriczvera.hu\/ru\/wp-json\/wp\/v2\/pages\/2342","targetHints":{"allow":["GET"]}}],"collection":[{"href":"https:\/\/giriczvera.hu\/ru\/wp-json\/wp\/v2\/pages"}],"about":[{"href":"https:\/\/giriczvera.hu\/ru\/wp-json\/wp\/v2\/types\/page"}],"author":[{"embeddable":true,"href":"https:\/\/giriczvera.hu\/ru\/wp-json\/wp\/v2\/users\/1"}],"replies":[{"embeddable":true,"href":"https:\/\/giriczvera.hu\/ru\/wp-json\/wp\/v2\/comments?post=2342"}],"version-history":[{"count":4,"href":"https:\/\/giriczvera.hu\/ru\/wp-json\/wp\/v2\/pages\/2342\/revisions"}],"predecessor-version":[{"id":3050,"href":"https:\/\/giriczvera.hu\/ru\/wp-json\/wp\/v2\/pages\/2342\/revisions\/3050"}],"wp:featuredmedia":[{"embeddable":true,"href":"https:\/\/giriczvera.hu\/ru\/wp-json\/wp\/v2\/media\/2989"}],"wp:attachment":[{"href":"https:\/\/giriczvera.hu\/ru\/wp-json\/wp\/v2\/media?parent=2342"}],"curies":[{"name":"wp","href":"https:\/\/api.w.org\/{rel}","templated":true}]}}