{"id":1654,"date":"2023-04-13T18:34:12","date_gmt":"2023-04-13T16:34:12","guid":{"rendered":"https:\/\/giriczvera.hu\/?page_id=1654"},"modified":"2023-07-08T11:59:06","modified_gmt":"2023-07-08T09:59:06","slug":"media","status":"publish","type":"page","link":"https:\/\/giriczvera.hu\/ru\/media\/","title":{"rendered":"M\u00e9dia"},"content":{"rendered":"<div data-elementor-type=\"wp-page\" data-elementor-id=\"1654\" class=\"elementor elementor-1654\" data-elementor-post-type=\"page\">\n\t\t\t\t\t\t<section class=\"elementor-section elementor-top-section elementor-element elementor-element-2907365 elementor-section-boxed elementor-section-height-default elementor-section-height-default\" data-id=\"2907365\" data-element_type=\"section\">\n\t\t\t\t\t\t<div class=\"elementor-container elementor-column-gap-default\">\n\t\t\t\t\t<div class=\"elementor-column elementor-col-33 elementor-top-column elementor-element elementor-element-c457bc0\" data-id=\"c457bc0\" data-element_type=\"column\">\n\t\t\t<div class=\"elementor-widget-wrap elementor-element-populated\">\n\t\t\t\t\t\t<div class=\"elementor-element elementor-element-3112ef2 elementor-widget elementor-widget-image\" data-id=\"3112ef2\" data-element_type=\"widget\" data-widget_type=\"image.default\">\n\t\t\t\t<div class=\"elementor-widget-container\">\n\t\t\t\t\t\t\t\t\t\t\t\t\t\t\t<img decoding=\"async\" width=\"150\" height=\"150\" src=\"https:\/\/giriczvera.hu\/wp-content\/uploads\/2023\/04\/273178536_324397459622761_7461247156515808024_n-150x150.png\" class=\"attachment-thumbnail size-thumbnail wp-image-1831\" alt=\"\" \/>\t\t\t\t\t\t\t\t\t\t\t\t\t\t\t<\/div>\n\t\t\t\t<\/div>\n\t\t\t\t\t<\/div>\n\t\t<\/div>\n\t\t\t\t<div class=\"elementor-column elementor-col-33 elementor-top-column elementor-element elementor-element-c6e8a10\" data-id=\"c6e8a10\" data-element_type=\"column\">\n\t\t\t<div class=\"elementor-widget-wrap elementor-element-populated\">\n\t\t\t\t\t\t<div class=\"elementor-element elementor-element-235b574 elementor-widget elementor-widget-image\" data-id=\"235b574\" data-element_type=\"widget\" data-widget_type=\"image.default\">\n\t\t\t\t<div class=\"elementor-widget-container\">\n\t\t\t\t\t\t\t\t\t\t\t\t\t\t\t<img fetchpriority=\"high\" decoding=\"async\" width=\"720\" height=\"360\" src=\"https:\/\/giriczvera.hu\/wp-content\/uploads\/2023\/04\/Rusyn_flag-e1694295315698.svg\" class=\"attachment-medium_large size-medium_large wp-image-1828\" alt=\"\" \/>\t\t\t\t\t\t\t\t\t\t\t\t\t\t\t<\/div>\n\t\t\t\t<\/div>\n\t\t\t\t\t<\/div>\n\t\t<\/div>\n\t\t\t\t<div class=\"elementor-column elementor-col-33 elementor-top-column elementor-element elementor-element-4258fd8\" data-id=\"4258fd8\" data-element_type=\"column\">\n\t\t\t<div class=\"elementor-widget-wrap elementor-element-populated\">\n\t\t\t\t\t\t<div class=\"elementor-element elementor-element-c8aa249 elementor-widget elementor-widget-image\" data-id=\"c8aa249\" data-element_type=\"widget\" data-widget_type=\"image.default\">\n\t\t\t\t<div class=\"elementor-widget-container\">\n\t\t\t\t\t\t\t\t\t\t\t\t\t\t\t<img decoding=\"async\" width=\"714\" height=\"222\" src=\"https:\/\/giriczvera.hu\/wp-content\/uploads\/2023\/04\/338064838_755468522900309_2837793300295430806_n.png\" class=\"attachment-large size-large wp-image-1832\" alt=\"\" srcset=\"https:\/\/giriczvera.hu\/wp-content\/uploads\/2023\/04\/338064838_755468522900309_2837793300295430806_n.png 714w, https:\/\/giriczvera.hu\/wp-content\/uploads\/2023\/04\/338064838_755468522900309_2837793300295430806_n-300x93.png 300w\" sizes=\"(max-width: 714px) 100vw, 714px\" \/>\t\t\t\t\t\t\t\t\t\t\t\t\t\t\t<\/div>\n\t\t\t\t<\/div>\n\t\t\t\t\t<\/div>\n\t\t<\/div>\n\t\t\t\t\t<\/div>\n\t\t<\/section>\n\t\t\t\t<section class=\"elementor-section elementor-top-section elementor-element elementor-element-34ea72a elementor-section-boxed elementor-section-height-default elementor-section-height-default\" data-id=\"34ea72a\" data-element_type=\"section\">\n\t\t\t\t\t\t<div class=\"elementor-container elementor-column-gap-default\">\n\t\t\t\t\t<div class=\"elementor-column elementor-col-33 elementor-top-column elementor-element elementor-element-7de07a9\" data-id=\"7de07a9\" data-element_type=\"column\">\n\t\t\t<div class=\"elementor-widget-wrap elementor-element-populated\">\n\t\t\t\t\t\t<div class=\"elementor-element elementor-element-857b2b5 elementor-align-center elementor-widget elementor-widget-button\" data-id=\"857b2b5\" data-element_type=\"widget\" data-widget_type=\"button.default\">\n\t\t\t\t<div class=\"elementor-widget-container\">\n\t\t\t\t\t\t\t\t\t<div class=\"elementor-button-wrapper\">\n\t\t\t\t\t<a class=\"elementor-button elementor-button-link elementor-size-sm elementor-animation-grow\" href=\"https:\/\/www.parlament.hu\/\" target=\"_blank\">\n\t\t\t\t\t\t<span class=\"elementor-button-content-wrapper\">\n\t\t\t\t\t\t\t\t\t<span class=\"elementor-button-text\">parlament.hu<\/span>\n\t\t\t\t\t<\/span>\n\t\t\t\t\t<\/a>\n\t\t\t\t<\/div>\n\t\t\t\t\t\t\t\t<\/div>\n\t\t\t\t<\/div>\n\t\t\t\t\t<\/div>\n\t\t<\/div>\n\t\t\t\t<div class=\"elementor-column elementor-col-33 elementor-top-column elementor-element elementor-element-4513ce8\" data-id=\"4513ce8\" data-element_type=\"column\">\n\t\t\t<div class=\"elementor-widget-wrap elementor-element-populated\">\n\t\t\t\t\t\t<div class=\"elementor-element elementor-element-3af8f7b elementor-align-center elementor-widget elementor-widget-button\" data-id=\"3af8f7b\" data-element_type=\"widget\" data-widget_type=\"button.default\">\n\t\t\t\t<div class=\"elementor-widget-container\">\n\t\t\t\t\t\t\t\t\t<div class=\"elementor-button-wrapper\">\n\t\t\t\t\t<a class=\"elementor-button elementor-button-link elementor-size-sm elementor-animation-grow\" href=\"http:\/\/ruszin.com\/\" target=\"_blank\">\n\t\t\t\t\t\t<span class=\"elementor-button-content-wrapper\">\n\t\t\t\t\t\t\t\t\t<span class=\"elementor-button-text\">ruszin.com<\/span>\n\t\t\t\t\t<\/span>\n\t\t\t\t\t<\/a>\n\t\t\t\t<\/div>\n\t\t\t\t\t\t\t\t<\/div>\n\t\t\t\t<\/div>\n\t\t\t\t\t<\/div>\n\t\t<\/div>\n\t\t\t\t<div class=\"elementor-column elementor-col-33 elementor-top-column elementor-element elementor-element-9b5c33b\" data-id=\"9b5c33b\" data-element_type=\"column\">\n\t\t\t<div class=\"elementor-widget-wrap elementor-element-populated\">\n\t\t\t\t\t\t<div class=\"elementor-element elementor-element-22d9876 elementor-align-center elementor-widget elementor-widget-button\" data-id=\"22d9876\" data-element_type=\"widget\" data-widget_type=\"button.default\">\n\t\t\t\t<div class=\"elementor-widget-container\">\n\t\t\t\t\t\t\t\t\t<div class=\"elementor-button-wrapper\">\n\t\t\t\t\t<a class=\"elementor-button elementor-button-link elementor-size-sm elementor-animation-grow\" href=\"https:\/\/atanazgaleria.hu\/\" target=\"_blank\">\n\t\t\t\t\t\t<span class=\"elementor-button-content-wrapper\">\n\t\t\t\t\t\t\t\t\t<span class=\"elementor-button-text\">Atan\u00e1z gal\u00e9ria<\/span>\n\t\t\t\t\t<\/span>\n\t\t\t\t\t<\/a>\n\t\t\t\t<\/div>\n\t\t\t\t\t\t\t\t<\/div>\n\t\t\t\t<\/div>\n\t\t\t\t\t<\/div>\n\t\t<\/div>\n\t\t\t\t\t<\/div>\n\t\t<\/section>\n\t\t\t\t<\/div>","protected":false},"excerpt":{"rendered":"<p>parlament.hu ruszin.com Atan\u00e1z gal\u00e9ria<\/p>","protected":false},"author":1,"featured_media":0,"parent":0,"menu_order":0,"comment_status":"closed","ping_status":"closed","template":"","meta":{"footnotes":""},"class_list":["post-1654","page","type-page","status-publish","hentry"],"yoast_head":"<!-- This site is optimized with the Yoast SEO plugin v25.8 - https:\/\/yoast.com\/wordpress\/plugins\/seo\/ -->\n<title>M\u00e9dia - GIRICZ VERA<\/title>\n<meta name=\"robots\" content=\"index, follow, max-snippet:-1, max-image-preview:large, max-video-preview:-1\" \/>\n<link rel=\"canonical\" href=\"https:\/\/giriczvera.hu\/ru\/media\/\" \/>\n<meta property=\"og:locale\" content=\"ru_RU\" \/>\n<meta property=\"og:type\" content=\"article\" \/>\n<meta property=\"og:title\" content=\"M\u00e9dia - GIRICZ VERA\" \/>\n<meta property=\"og:description\" content=\"parlament.hu ruszin.com Atan\u00e1z gal\u00e9ria\" \/>\n<meta property=\"og:url\" content=\"https:\/\/giriczvera.hu\/ru\/media\/\" \/>\n<meta property=\"og:site_name\" content=\"GIRICZ VERA\" \/>\n<meta property=\"article:modified_time\" content=\"2023-07-08T09:59:06+00:00\" \/>\n<meta property=\"og:image\" content=\"https:\/\/giriczvera.hu\/wp-content\/uploads\/2023\/04\/273178536_324397459622761_7461247156515808024_n-150x150.png\" \/>\n<meta name=\"twitter:card\" content=\"summary_large_image\" \/>\n<script type=\"application\/ld+json\" class=\"yoast-schema-graph\">{\"@context\":\"https:\/\/schema.org\",\"@graph\":[{\"@type\":\"WebPage\",\"@id\":\"https:\/\/giriczvera.hu\/media\/\",\"url\":\"https:\/\/giriczvera.hu\/media\/\",\"name\":\"M\u00e9dia - GIRICZ VERA\",\"isPartOf\":{\"@id\":\"https:\/\/giriczvera.hu\/#website\"},\"primaryImageOfPage\":{\"@id\":\"https:\/\/giriczvera.hu\/media\/#primaryimage\"},\"image\":{\"@id\":\"https:\/\/giriczvera.hu\/media\/#primaryimage\"},\"thumbnailUrl\":\"https:\/\/giriczvera.hu\/wp-content\/uploads\/2023\/04\/273178536_324397459622761_7461247156515808024_n-150x150.png\",\"datePublished\":\"2023-04-13T16:34:12+00:00\",\"dateModified\":\"2023-07-08T09:59:06+00:00\",\"breadcrumb\":{\"@id\":\"https:\/\/giriczvera.hu\/media\/#breadcrumb\"},\"inLanguage\":\"ru-RU\",\"potentialAction\":[{\"@type\":\"ReadAction\",\"target\":[\"https:\/\/giriczvera.hu\/media\/\"]}]},{\"@type\":\"ImageObject\",\"inLanguage\":\"ru-RU\",\"@id\":\"https:\/\/giriczvera.hu\/media\/#primaryimage\",\"url\":\"https:\/\/giriczvera.hu\/wp-content\/uploads\/2023\/04\/273178536_324397459622761_7461247156515808024_n-150x150.png\",\"contentUrl\":\"https:\/\/giriczvera.hu\/wp-content\/uploads\/2023\/04\/273178536_324397459622761_7461247156515808024_n-150x150.png\"},{\"@type\":\"BreadcrumbList\",\"@id\":\"https:\/\/giriczvera.hu\/media\/#breadcrumb\",\"itemListElement\":[{\"@type\":\"ListItem\",\"position\":1,\"name\":\"Kezd\u0151lap\",\"item\":\"https:\/\/giriczvera.hu\/\"},{\"@type\":\"ListItem\",\"position\":2,\"name\":\"M\u00e9dia\"}]},{\"@type\":\"WebSite\",\"@id\":\"https:\/\/giriczvera.hu\/#website\",\"url\":\"https:\/\/giriczvera.hu\/\",\"name\":\"GIRICZ VERA\",\"description\":\"ruszin nemzetis\u00e9gi sz\u00f3sz\u00f3l\u00f3\",\"potentialAction\":[{\"@type\":\"SearchAction\",\"target\":{\"@type\":\"EntryPoint\",\"urlTemplate\":\"https:\/\/giriczvera.hu\/?s={search_term_string}\"},\"query-input\":{\"@type\":\"PropertyValueSpecification\",\"valueRequired\":true,\"valueName\":\"search_term_string\"}}],\"inLanguage\":\"ru-RU\"}]}<\/script>\n<!-- \/ Yoast SEO plugin. -->","yoast_head_json":{"title":"M\u00e9dia - GIRICZ VERA","robots":{"index":"index","follow":"follow","max-snippet":"max-snippet:-1","max-image-preview":"max-image-preview:large","max-video-preview":"max-video-preview:-1"},"canonical":"https:\/\/giriczvera.hu\/ru\/media\/","og_locale":"ru_RU","og_type":"article","og_title":"M\u00e9dia - GIRICZ VERA","og_description":"parlament.hu ruszin.com Atan\u00e1z gal\u00e9ria","og_url":"https:\/\/giriczvera.hu\/ru\/media\/","og_site_name":"GIRICZ VERA","article_modified_time":"2023-07-08T09:59:06+00:00","og_image":[{"url":"https:\/\/giriczvera.hu\/wp-content\/uploads\/2023\/04\/273178536_324397459622761_7461247156515808024_n-150x150.png","type":"","width":"","height":""}],"twitter_card":"summary_large_image","schema":{"@context":"https:\/\/schema.org","@graph":[{"@type":"WebPage","@id":"https:\/\/giriczvera.hu\/media\/","url":"https:\/\/giriczvera.hu\/media\/","name":"M\u00e9dia - GIRICZ VERA","isPartOf":{"@id":"https:\/\/giriczvera.hu\/#website"},"primaryImageOfPage":{"@id":"https:\/\/giriczvera.hu\/media\/#primaryimage"},"image":{"@id":"https:\/\/giriczvera.hu\/media\/#primaryimage"},"thumbnailUrl":"https:\/\/giriczvera.hu\/wp-content\/uploads\/2023\/04\/273178536_324397459622761_7461247156515808024_n-150x150.png","datePublished":"2023-04-13T16:34:12+00:00","dateModified":"2023-07-08T09:59:06+00:00","breadcrumb":{"@id":"https:\/\/giriczvera.hu\/media\/#breadcrumb"},"inLanguage":"ru-RU","potentialAction":[{"@type":"ReadAction","target":["https:\/\/giriczvera.hu\/media\/"]}]},{"@type":"ImageObject","inLanguage":"ru-RU","@id":"https:\/\/giriczvera.hu\/media\/#primaryimage","url":"https:\/\/giriczvera.hu\/wp-content\/uploads\/2023\/04\/273178536_324397459622761_7461247156515808024_n-150x150.png","contentUrl":"https:\/\/giriczvera.hu\/wp-content\/uploads\/2023\/04\/273178536_324397459622761_7461247156515808024_n-150x150.png"},{"@type":"BreadcrumbList","@id":"https:\/\/giriczvera.hu\/media\/#breadcrumb","itemListElement":[{"@type":"ListItem","position":1,"name":"Kezd\u0151lap","item":"https:\/\/giriczvera.hu\/"},{"@type":"ListItem","position":2,"name":"M\u00e9dia"}]},{"@type":"WebSite","@id":"https:\/\/giriczvera.hu\/#website","url":"https:\/\/giriczvera.hu\/","name":"\u0412\u0406\u0420\u0410 \u0490\u0406\u0420\u0406\u0426","description":"\u043f\u043e\u0441\u043b\u0430\u043d\u0438\u043a \u0420\u0443\u0441\u0438\u043d\u0443\u0432 \u0443 \u041f\u0430\u0440\u043b\u0430\u043c\u0435\u043d\u0442\u0457","potentialAction":[{"@type":"SearchAction","target":{"@type":"EntryPoint","urlTemplate":"https:\/\/giriczvera.hu\/?s={search_term_string}"},"query-input":{"@type":"PropertyValueSpecification","valueRequired":true,"valueName":"search_term_string"}}],"inLanguage":"ru-RU"}]}},"_links":{"self":[{"href":"https:\/\/giriczvera.hu\/ru\/wp-json\/wp\/v2\/pages\/1654","targetHints":{"allow":["GET"]}}],"collection":[{"href":"https:\/\/giriczvera.hu\/ru\/wp-json\/wp\/v2\/pages"}],"about":[{"href":"https:\/\/giriczvera.hu\/ru\/wp-json\/wp\/v2\/types\/page"}],"author":[{"embeddable":true,"href":"https:\/\/giriczvera.hu\/ru\/wp-json\/wp\/v2\/users\/1"}],"replies":[{"embeddable":true,"href":"https:\/\/giriczvera.hu\/ru\/wp-json\/wp\/v2\/comments?post=1654"}],"version-history":[{"count":0,"href":"https:\/\/giriczvera.hu\/ru\/wp-json\/wp\/v2\/pages\/1654\/revisions"}],"wp:attachment":[{"href":"https:\/\/giriczvera.hu\/ru\/wp-json\/wp\/v2\/media?parent=1654"}],"curies":[{"name":"wp","href":"https:\/\/api.w.org\/{rel}","templated":true}]}}