{"id":1648,"date":"2023-04-13T18:30:29","date_gmt":"2023-04-13T16:30:29","guid":{"rendered":"https:\/\/giriczvera.hu\/?page_id=1648"},"modified":"2023-12-03T22:15:03","modified_gmt":"2023-12-03T21:15:03","slug":"kapcsolat","status":"publish","type":"page","link":"https:\/\/giriczvera.hu\/ru\/kapcsolat\/","title":{"rendered":"kapcsolat"},"content":{"rendered":"<div data-elementor-type=\"wp-page\" data-elementor-id=\"1648\" class=\"elementor elementor-1648\" data-elementor-post-type=\"page\">\n\t\t\t\t\t\t<section class=\"elementor-section elementor-top-section elementor-element elementor-element-188dbce elementor-section-boxed elementor-section-height-default elementor-section-height-default\" data-id=\"188dbce\" data-element_type=\"section\">\n\t\t\t\t\t\t<div class=\"elementor-container elementor-column-gap-default\">\n\t\t\t\t\t<div class=\"elementor-column elementor-col-100 elementor-top-column elementor-element elementor-element-4773ec2\" data-id=\"4773ec2\" data-element_type=\"column\">\n\t\t\t<div class=\"elementor-widget-wrap elementor-element-populated\">\n\t\t\t\t\t\t<div class=\"elementor-element elementor-element-69b6111 elementor-widget elementor-widget-heading\" data-id=\"69b6111\" data-element_type=\"widget\" data-widget_type=\"heading.default\">\n\t\t\t\t<div class=\"elementor-widget-container\">\n\t\t\t\t\t<h2 class=\"elementor-heading-title elementor-size-default\">\u041a\u041e\u041d\u0422\u0410\u041a\u0422\u042b<\/h2>\t\t\t\t<\/div>\n\t\t\t\t<\/div>\n\t\t\t\t<div class=\"elementor-element elementor-element-70bd3cc elementor-icon-list--layout-traditional elementor-list-item-link-full_width elementor-widget elementor-widget-icon-list\" data-id=\"70bd3cc\" data-element_type=\"widget\" data-widget_type=\"icon-list.default\">\n\t\t\t\t<div class=\"elementor-widget-container\">\n\t\t\t\t\t\t\t<ul class=\"elementor-icon-list-items\">\n\t\t\t\t\t\t\t<li class=\"elementor-icon-list-item\">\n\t\t\t\t\t\t\t\t\t\t\t<span class=\"elementor-icon-list-icon\">\n\t\t\t\t\t\t\t<i aria-hidden=\"true\" class=\"fas fa-map-marker-alt\"><\/i>\t\t\t\t\t\t<\/span>\n\t\t\t\t\t\t\t\t\t\t<span class=\"elementor-icon-list-text\">\u041f\u0430\u0440\u043b\u0430\u043c\u0435\u043d\u0442, \u041e\u0444\u0456\u0441 \u041d\u0430\u0446\u0456\u043e\u043d\u0430\u043b\u043d\u043e\u0433\u043e \u041f\u043e\u0441\u043b\u0430\u043d\u0438\u043a\u0430 \u0420\u0443\u0441\u0438\u043d\u0443\u0432, 1055 \u0411\u0443\u0434\u0430\u043f\u0435\u0448\u0442, \u043f\u043b\u043e\u0449\u0430 \u041b\u0430\u0439\u043e\u0448\u0430 \u041a\u043e\u0448\u0443\u0442\u0430 1-3.<\/span>\n\t\t\t\t\t\t\t\t\t<\/li>\n\t\t\t\t\t\t\t\t<li class=\"elementor-icon-list-item\">\n\t\t\t\t\t\t\t\t\t\t\t<a href=\"tel:+36-30\/381-1002\">\n\n\t\t\t\t\t\t\t\t\t\t\t\t<span class=\"elementor-icon-list-icon\">\n\t\t\t\t\t\t\t<i aria-hidden=\"true\" class=\"fas fa-phone-alt\"><\/i>\t\t\t\t\t\t<\/span>\n\t\t\t\t\t\t\t\t\t\t<span class=\"elementor-icon-list-text\">\u0422\u0435\u043b\u0435\u0444\u043e\u043d; +36-1-441-5166, +36-30-381-1002<\/span>\n\t\t\t\t\t\t\t\t\t\t\t<\/a>\n\t\t\t\t\t\t\t\t\t<\/li>\n\t\t\t\t\t\t\t\t<li class=\"elementor-icon-list-item\">\n\t\t\t\t\t\t\t\t\t\t\t<a href=\"mailto:giricz.vera@parlament.hu\">\n\n\t\t\t\t\t\t\t\t\t\t\t\t<span class=\"elementor-icon-list-icon\">\n\t\t\t\t\t\t\t<i aria-hidden=\"true\" class=\"fas fa-envelope\"><\/i>\t\t\t\t\t\t<\/span>\n\t\t\t\t\t\t\t\t\t\t<span class=\"elementor-icon-list-text\">\u0435-\u043c\u0435\u0439\u043b: giricz.vera@parlament.hu<\/span>\n\t\t\t\t\t\t\t\t\t\t\t<\/a>\n\t\t\t\t\t\t\t\t\t<\/li>\n\t\t\t\t\t\t<\/ul>\n\t\t\t\t\t\t<\/div>\n\t\t\t\t<\/div>\n\t\t\t\t\t<\/div>\n\t\t<\/div>\n\t\t\t\t\t<\/div>\n\t\t<\/section>\n\t\t\t\t<\/div>","protected":false},"excerpt":{"rendered":"<p>KAPCSOLAT Orsz\u00e1gh\u00e1z, Ruszin Nemzetis\u00e9gi Sz\u00f3sz\u00f3l\u00f3i Iroda, 1055 Budapest, Kossuth Lajos t\u00e9r 1\u20133. Telefon: +36-1-441\u20135166, +36-30\/381-1002 E-mail: giricz.vera@parlament.hu<\/p>","protected":false},"author":1,"featured_media":0,"parent":0,"menu_order":0,"comment_status":"closed","ping_status":"closed","template":"","meta":{"footnotes":""},"class_list":["post-1648","page","type-page","status-publish","hentry"],"yoast_head":"<!-- This site is optimized with the Yoast SEO plugin v25.8 - https:\/\/yoast.com\/wordpress\/plugins\/seo\/ -->\n<title>kapcsolat - GIRICZ VERA<\/title>\n<meta name=\"robots\" content=\"index, follow, max-snippet:-1, max-image-preview:large, max-video-preview:-1\" \/>\n<link rel=\"canonical\" href=\"https:\/\/giriczvera.hu\/ru\/kapcsolat\/\" \/>\n<meta property=\"og:locale\" content=\"ru_RU\" \/>\n<meta property=\"og:type\" content=\"article\" \/>\n<meta property=\"og:title\" content=\"kapcsolat - GIRICZ VERA\" \/>\n<meta property=\"og:description\" content=\"KAPCSOLAT Orsz\u00e1gh\u00e1z, Ruszin Nemzetis\u00e9gi Sz\u00f3sz\u00f3l\u00f3i Iroda, 1055 Budapest, Kossuth Lajos t\u00e9r 1\u20133. Telefon: +36-1-441\u20135166, +36-30\/381-1002 E-mail: giricz.vera@parlament.hu\" \/>\n<meta property=\"og:url\" content=\"https:\/\/giriczvera.hu\/ru\/kapcsolat\/\" \/>\n<meta property=\"og:site_name\" content=\"GIRICZ VERA\" \/>\n<meta property=\"article:modified_time\" content=\"2023-12-03T21:15:03+00:00\" \/>\n<meta name=\"twitter:card\" content=\"summary_large_image\" \/>\n<meta name=\"twitter:label1\" content=\"\u041f\u0440\u0438\u043c\u0435\u0440\u043d\u043e\u0435 \u0432\u0440\u0435\u043c\u044f \u0434\u043b\u044f \u0447\u0442\u0435\u043d\u0438\u044f\" \/>\n\t<meta name=\"twitter:data1\" content=\"1 \u043c\u0438\u043d\u0443\u0442\u0430\" \/>\n<script type=\"application\/ld+json\" class=\"yoast-schema-graph\">{\"@context\":\"https:\/\/schema.org\",\"@graph\":[{\"@type\":\"WebPage\",\"@id\":\"https:\/\/giriczvera.hu\/kapcsolat\/\",\"url\":\"https:\/\/giriczvera.hu\/kapcsolat\/\",\"name\":\"kapcsolat - GIRICZ VERA\",\"isPartOf\":{\"@id\":\"https:\/\/giriczvera.hu\/#website\"},\"datePublished\":\"2023-04-13T16:30:29+00:00\",\"dateModified\":\"2023-12-03T21:15:03+00:00\",\"breadcrumb\":{\"@id\":\"https:\/\/giriczvera.hu\/kapcsolat\/#breadcrumb\"},\"inLanguage\":\"ru-RU\",\"potentialAction\":[{\"@type\":\"ReadAction\",\"target\":[\"https:\/\/giriczvera.hu\/kapcsolat\/\"]}]},{\"@type\":\"BreadcrumbList\",\"@id\":\"https:\/\/giriczvera.hu\/kapcsolat\/#breadcrumb\",\"itemListElement\":[{\"@type\":\"ListItem\",\"position\":1,\"name\":\"Kezd\u0151lap\",\"item\":\"https:\/\/giriczvera.hu\/\"},{\"@type\":\"ListItem\",\"position\":2,\"name\":\"kapcsolat\"}]},{\"@type\":\"WebSite\",\"@id\":\"https:\/\/giriczvera.hu\/#website\",\"url\":\"https:\/\/giriczvera.hu\/\",\"name\":\"GIRICZ VERA\",\"description\":\"ruszin nemzetis\u00e9gi sz\u00f3sz\u00f3l\u00f3\",\"potentialAction\":[{\"@type\":\"SearchAction\",\"target\":{\"@type\":\"EntryPoint\",\"urlTemplate\":\"https:\/\/giriczvera.hu\/?s={search_term_string}\"},\"query-input\":{\"@type\":\"PropertyValueSpecification\",\"valueRequired\":true,\"valueName\":\"search_term_string\"}}],\"inLanguage\":\"ru-RU\"}]}<\/script>\n<!-- \/ Yoast SEO plugin. -->","yoast_head_json":{"title":"kapcsolat - GIRICZ VERA","robots":{"index":"index","follow":"follow","max-snippet":"max-snippet:-1","max-image-preview":"max-image-preview:large","max-video-preview":"max-video-preview:-1"},"canonical":"https:\/\/giriczvera.hu\/ru\/kapcsolat\/","og_locale":"ru_RU","og_type":"article","og_title":"kapcsolat - GIRICZ VERA","og_description":"KAPCSOLAT Orsz\u00e1gh\u00e1z, Ruszin Nemzetis\u00e9gi Sz\u00f3sz\u00f3l\u00f3i Iroda, 1055 Budapest, Kossuth Lajos t\u00e9r 1\u20133. Telefon: +36-1-441\u20135166, +36-30\/381-1002 E-mail: giricz.vera@parlament.hu","og_url":"https:\/\/giriczvera.hu\/ru\/kapcsolat\/","og_site_name":"GIRICZ VERA","article_modified_time":"2023-12-03T21:15:03+00:00","twitter_card":"summary_large_image","twitter_misc":{"\u041f\u0440\u0438\u043c\u0435\u0440\u043d\u043e\u0435 \u0432\u0440\u0435\u043c\u044f \u0434\u043b\u044f \u0447\u0442\u0435\u043d\u0438\u044f":"1 \u043c\u0438\u043d\u0443\u0442\u0430"},"schema":{"@context":"https:\/\/schema.org","@graph":[{"@type":"WebPage","@id":"https:\/\/giriczvera.hu\/kapcsolat\/","url":"https:\/\/giriczvera.hu\/kapcsolat\/","name":"kapcsolat - GIRICZ VERA","isPartOf":{"@id":"https:\/\/giriczvera.hu\/#website"},"datePublished":"2023-04-13T16:30:29+00:00","dateModified":"2023-12-03T21:15:03+00:00","breadcrumb":{"@id":"https:\/\/giriczvera.hu\/kapcsolat\/#breadcrumb"},"inLanguage":"ru-RU","potentialAction":[{"@type":"ReadAction","target":["https:\/\/giriczvera.hu\/kapcsolat\/"]}]},{"@type":"BreadcrumbList","@id":"https:\/\/giriczvera.hu\/kapcsolat\/#breadcrumb","itemListElement":[{"@type":"ListItem","position":1,"name":"Kezd\u0151lap","item":"https:\/\/giriczvera.hu\/"},{"@type":"ListItem","position":2,"name":"kapcsolat"}]},{"@type":"WebSite","@id":"https:\/\/giriczvera.hu\/#website","url":"https:\/\/giriczvera.hu\/","name":"\u0412\u0406\u0420\u0410 \u0490\u0406\u0420\u0406\u0426","description":"\u043f\u043e\u0441\u043b\u0430\u043d\u0438\u043a \u0420\u0443\u0441\u0438\u043d\u0443\u0432 \u0443 \u041f\u0430\u0440\u043b\u0430\u043c\u0435\u043d\u0442\u0457","potentialAction":[{"@type":"SearchAction","target":{"@type":"EntryPoint","urlTemplate":"https:\/\/giriczvera.hu\/?s={search_term_string}"},"query-input":{"@type":"PropertyValueSpecification","valueRequired":true,"valueName":"search_term_string"}}],"inLanguage":"ru-RU"}]}},"_links":{"self":[{"href":"https:\/\/giriczvera.hu\/ru\/wp-json\/wp\/v2\/pages\/1648","targetHints":{"allow":["GET"]}}],"collection":[{"href":"https:\/\/giriczvera.hu\/ru\/wp-json\/wp\/v2\/pages"}],"about":[{"href":"https:\/\/giriczvera.hu\/ru\/wp-json\/wp\/v2\/types\/page"}],"author":[{"embeddable":true,"href":"https:\/\/giriczvera.hu\/ru\/wp-json\/wp\/v2\/users\/1"}],"replies":[{"embeddable":true,"href":"https:\/\/giriczvera.hu\/ru\/wp-json\/wp\/v2\/comments?post=1648"}],"version-history":[{"count":9,"href":"https:\/\/giriczvera.hu\/ru\/wp-json\/wp\/v2\/pages\/1648\/revisions"}],"predecessor-version":[{"id":3122,"href":"https:\/\/giriczvera.hu\/ru\/wp-json\/wp\/v2\/pages\/1648\/revisions\/3122"}],"wp:attachment":[{"href":"https:\/\/giriczvera.hu\/ru\/wp-json\/wp\/v2\/media?parent=1648"}],"curies":[{"name":"wp","href":"https:\/\/api.w.org\/{rel}","templated":true}]}}